{"id":1113,"date":"2023-07-31T10:31:21","date_gmt":"2023-07-31T10:31:21","guid":{"rendered":"https:\/\/web.temel.es\/servicio-posventa\/"},"modified":"2023-08-03T10:50:05","modified_gmt":"2023-08-03T10:50:05","slug":"after-sales-service","status":"publish","type":"page","link":"https:\/\/temel.es\/en\/after-sales-service\/","title":{"rendered":"After sales service"},"content":{"rendered":"\t\t<div data-elementor-type=\"wp-page\" data-elementor-id=\"1113\" class=\"elementor elementor-1113 elementor-445\" data-elementor-post-type=\"page\">\n\t\t\t\t\t\t<section class=\"elementor-section elementor-top-section elementor-element elementor-element-d308d92 elementor-section-height-min-height elementor-section-boxed elementor-section-height-default elementor-section-items-middle\" data-id=\"d308d92\" data-element_type=\"section\" data-settings=\"{&quot;background_background&quot;:&quot;classic&quot;,&quot;jet_parallax_layout_list&quot;:[]}\">\n\t\t\t\t\t\t\t<div class=\"elementor-background-overlay\"><\/div>\n\t\t\t\t\t\t\t<div class=\"elementor-container elementor-column-gap-default\">\n\t\t\t\t\t<div class=\"elementor-column elementor-col-100 elementor-top-column elementor-element elementor-element-918b33d\" data-id=\"918b33d\" data-element_type=\"column\" data-settings=\"{&quot;background_background&quot;:&quot;classic&quot;}\">\n\t\t\t<div class=\"elementor-widget-wrap elementor-element-populated\">\n\t\t\t\t\t<div class=\"elementor-background-overlay\"><\/div>\n\t\t\t\t\t\t<div class=\"elementor-element elementor-element-c093d59 elementor-widget elementor-widget-spacer\" data-id=\"c093d59\" data-element_type=\"widget\" data-widget_type=\"spacer.default\">\n\t\t\t\t<div class=\"elementor-widget-container\">\n\t\t\t\t\t\t\t<div class=\"elementor-spacer\">\n\t\t\t<div class=\"elementor-spacer-inner\"><\/div>\n\t\t<\/div>\n\t\t\t\t\t\t<\/div>\n\t\t\t\t<\/div>\n\t\t\t\t<div class=\"elementor-element elementor-element-df9747a elementor-widget elementor-widget-breadcrumbs\" data-id=\"df9747a\" data-element_type=\"widget\" data-widget_type=\"breadcrumbs.default\">\n\t\t\t\t<div class=\"elementor-widget-container\">\n\t\t\t\t\t<p id=\"breadcrumbs\"><span><span><a href=\"https:\/\/temel.es\/en\/\">Home<\/a><\/span><\/span><\/p>\t\t\t\t<\/div>\n\t\t\t\t<\/div>\n\t\t\t\t\t<\/div>\n\t\t<\/div>\n\t\t\t\t\t<\/div>\n\t\t<\/section>\n\t\t\t\t<section class=\"elementor-section elementor-top-section elementor-element elementor-element-69208d4 elementor-section-boxed elementor-section-height-default elementor-section-height-default\" data-id=\"69208d4\" data-element_type=\"section\" data-settings=\"{&quot;jet_parallax_layout_list&quot;:[]}\">\n\t\t\t\t\t\t<div class=\"elementor-container elementor-column-gap-default\">\n\t\t\t\t\t<div class=\"elementor-column elementor-col-100 elementor-top-column elementor-element elementor-element-c359f38\" data-id=\"c359f38\" data-element_type=\"column\">\n\t\t\t<div class=\"elementor-widget-wrap elementor-element-populated\">\n\t\t\t\t\t\t<div class=\"elementor-element elementor-element-71862bb elementor-widget elementor-widget-spacer\" data-id=\"71862bb\" data-element_type=\"widget\" data-widget_type=\"spacer.default\">\n\t\t\t\t<div class=\"elementor-widget-container\">\n\t\t\t\t\t\t\t<div class=\"elementor-spacer\">\n\t\t\t<div class=\"elementor-spacer-inner\"><\/div>\n\t\t<\/div>\n\t\t\t\t\t\t<\/div>\n\t\t\t\t<\/div>\n\t\t\t\t\t<\/div>\n\t\t<\/div>\n\t\t\t\t\t<\/div>\n\t\t<\/section>\n\t\t\t\t<section class=\"elementor-section elementor-top-section elementor-element elementor-element-89a7301 elementor-section-height-min-height elementor-section-boxed elementor-section-height-default elementor-section-items-middle\" data-id=\"89a7301\" data-element_type=\"section\" id=\"nuestra-organizacion\" data-settings=\"{&quot;jet_parallax_layout_list&quot;:[]}\">\n\t\t\t\t\t\t\t<div class=\"elementor-background-overlay\"><\/div>\n\t\t\t\t\t\t\t<div class=\"elementor-container elementor-column-gap-default\">\n\t\t\t\t\t<div class=\"elementor-column elementor-col-100 elementor-top-column elementor-element elementor-element-28ad4f2\" data-id=\"28ad4f2\" data-element_type=\"column\">\n\t\t\t<div class=\"elementor-widget-wrap elementor-element-populated\">\n\t\t\t\t\t\t<section class=\"elementor-section elementor-inner-section elementor-element elementor-element-4850a9c align-container-left elementor-section-boxed elementor-section-height-default elementor-section-height-default\" data-id=\"4850a9c\" data-element_type=\"section\" data-settings=\"{&quot;jet_parallax_layout_list&quot;:[]}\">\n\t\t\t\t\t\t<div class=\"elementor-container elementor-column-gap-default\">\n\t\t\t\t\t<div class=\"elementor-column elementor-col-100 elementor-inner-column elementor-element elementor-element-1cb8a50 margin-left-0\" data-id=\"1cb8a50\" data-element_type=\"column\" data-settings=\"{&quot;background_background&quot;:&quot;classic&quot;}\">\n\t\t\t<div class=\"elementor-widget-wrap elementor-element-populated\">\n\t\t\t\t\t\t<div class=\"elementor-element elementor-element-66c226e elementor-widget elementor-widget-text-editor\" data-id=\"66c226e\" data-element_type=\"widget\" data-widget_type=\"text-editor.default\">\n\t\t\t\t<div class=\"elementor-widget-container\">\n\t\t\t\t\t\t\t\t\t<p>TEMEL\u2019s commitment to clients continues long after a product has been sold. Our after-sales service not only provides rapid, efficient assistance so that our equipment continues to operate smoothly, but also ultimately seeks to ensure customer satisfaction in every product. This is the link we establish between every user and our quality-assured company departments.<\/p>\t\t\t\t\t\t\t\t<\/div>\n\t\t\t\t<\/div>\n\t\t\t\t\t<\/div>\n\t\t<\/div>\n\t\t\t\t\t<\/div>\n\t\t<\/section>\n\t\t\t\t\t<\/div>\n\t\t<\/div>\n\t\t\t\t\t<\/div>\n\t\t<\/section>\n\t\t\t\t<section class=\"elementor-section elementor-top-section elementor-element elementor-element-b284f2c elementor-section-boxed elementor-section-height-default elementor-section-height-default\" data-id=\"b284f2c\" data-element_type=\"section\" data-settings=\"{&quot;jet_parallax_layout_list&quot;:[]}\">\n\t\t\t\t\t\t<div class=\"elementor-container elementor-column-gap-default\">\n\t\t\t\t\t<div class=\"elementor-column elementor-col-100 elementor-top-column elementor-element elementor-element-51c390f\" data-id=\"51c390f\" data-element_type=\"column\">\n\t\t\t<div class=\"elementor-widget-wrap elementor-element-populated\">\n\t\t\t\t\t\t<div class=\"elementor-element elementor-element-e7765dc elementor-widget elementor-widget-spacer\" data-id=\"e7765dc\" data-element_type=\"widget\" data-widget_type=\"spacer.default\">\n\t\t\t\t<div class=\"elementor-widget-container\">\n\t\t\t\t\t\t\t<div class=\"elementor-spacer\">\n\t\t\t<div class=\"elementor-spacer-inner\"><\/div>\n\t\t<\/div>\n\t\t\t\t\t\t<\/div>\n\t\t\t\t<\/div>\n\t\t\t\t\t<\/div>\n\t\t<\/div>\n\t\t\t\t\t<\/div>\n\t\t<\/section>\n\t\t\t\t<\/div>\n\t\t","protected":false},"excerpt":{"rendered":"<p>TEMEL\u2019s commitment to clients continues long after a product has been sold. Our after-sales service not only provides rapid, efficient assistance so that our equipment continues to operate smoothly, but also ultimately seeks to ensure customer satisfaction in every product. This is the link we establish between every user and our quality-assured company departments.<\/p>\n","protected":false},"author":1,"featured_media":0,"parent":0,"menu_order":0,"comment_status":"closed","ping_status":"closed","template":"elementor_header_footer","meta":{"_monsterinsights_skip_tracking":false,"_monsterinsights_sitenote_active":false,"_monsterinsights_sitenote_note":"","_monsterinsights_sitenote_category":0,"footnotes":""},"class_list":["post-1113","page","type-page","status-publish","hentry"],"yoast_head":"<!-- This site is optimized with the Yoast SEO plugin v26.8 - https:\/\/yoast.com\/product\/yoast-seo-wordpress\/ -->\n<title>After sales service - TEMEL S.A. Sistemas de Anestesia y Respiradores M\u00e9dicos<\/title>\n<meta name=\"robots\" content=\"index, follow, max-snippet:-1, max-image-preview:large, max-video-preview:-1\" \/>\n<link rel=\"canonical\" href=\"https:\/\/temel.es\/servicio-posventa\/\" \/>\n<meta property=\"og:locale\" content=\"en_US\" \/>\n<meta property=\"og:type\" content=\"article\" \/>\n<meta property=\"og:title\" content=\"After sales service - TEMEL S.A. Sistemas de Anestesia y Respiradores M\u00e9dicos\" \/>\n<meta property=\"og:description\" content=\"TEMEL\u2019s commitment to clients continues long after a product has been sold. Our after-sales service not only provides rapid, efficient assistance so that our equipment continues to operate smoothly, but also ultimately seeks to ensure customer satisfaction in every product. This is the link we establish between every user and our quality-assured company departments.\" \/>\n<meta property=\"og:url\" content=\"https:\/\/temel.es\/servicio-posventa\/\" \/>\n<meta property=\"og:site_name\" content=\"TEMEL S.A. Sistemas de Anestesia y Respiradores M\u00e9dicos\" \/>\n<meta property=\"article:modified_time\" content=\"2023-08-03T10:50:05+00:00\" \/>\n<meta name=\"twitter:card\" content=\"summary_large_image\" \/>\n<meta name=\"twitter:label1\" content=\"Est. reading time\" \/>\n\t<meta name=\"twitter:data1\" content=\"1 minute\" \/>\n<script type=\"application\/ld+json\" class=\"yoast-schema-graph\">{\"@context\":\"https:\/\/schema.org\",\"@graph\":[{\"@type\":\"WebPage\",\"@id\":\"https:\/\/temel.es\/servicio-posventa\/\",\"url\":\"https:\/\/temel.es\/servicio-posventa\/\",\"name\":\"After sales service - TEMEL S.A. Sistemas de Anestesia y Respiradores M\u00e9dicos\",\"isPartOf\":{\"@id\":\"https:\/\/temel.es\/#website\"},\"datePublished\":\"2023-07-31T10:31:21+00:00\",\"dateModified\":\"2023-08-03T10:50:05+00:00\",\"breadcrumb\":{\"@id\":\"https:\/\/temel.es\/servicio-posventa\/#breadcrumb\"},\"inLanguage\":\"en-US\",\"potentialAction\":[{\"@type\":\"ReadAction\",\"target\":[\"https:\/\/temel.es\/servicio-posventa\/\"]}]},{\"@type\":\"BreadcrumbList\",\"@id\":\"https:\/\/temel.es\/servicio-posventa\/#breadcrumb\",\"itemListElement\":[{\"@type\":\"ListItem\",\"position\":1,\"name\":\"Home\",\"item\":\"https:\/\/temel.es\/en\/\"},{\"@type\":\"ListItem\",\"position\":2,\"name\":\"After sales service\"}]},{\"@type\":\"WebSite\",\"@id\":\"https:\/\/temel.es\/#website\",\"url\":\"https:\/\/temel.es\/\",\"name\":\"TEMEL S.A. Sistemas de Anestesia y Respiradores M\u00e9dicos\",\"description\":\"TEMEL, S.A.  investigaci\u00f3n, desarrollo y fabricaci\u00f3n de sistemas de anestesia y respiradores m\u00e9dicos.\",\"potentialAction\":[{\"@type\":\"SearchAction\",\"target\":{\"@type\":\"EntryPoint\",\"urlTemplate\":\"https:\/\/temel.es\/?s={search_term_string}\"},\"query-input\":{\"@type\":\"PropertyValueSpecification\",\"valueRequired\":true,\"valueName\":\"search_term_string\"}}],\"inLanguage\":\"en-US\"}]}<\/script>\n<!-- \/ Yoast SEO plugin. -->","yoast_head_json":{"title":"After sales service - TEMEL S.A. Sistemas de Anestesia y Respiradores M\u00e9dicos","robots":{"index":"index","follow":"follow","max-snippet":"max-snippet:-1","max-image-preview":"max-image-preview:large","max-video-preview":"max-video-preview:-1"},"canonical":"https:\/\/temel.es\/servicio-posventa\/","og_locale":"en_US","og_type":"article","og_title":"After sales service - TEMEL S.A. Sistemas de Anestesia y Respiradores M\u00e9dicos","og_description":"TEMEL\u2019s commitment to clients continues long after a product has been sold. Our after-sales service not only provides rapid, efficient assistance so that our equipment continues to operate smoothly, but also ultimately seeks to ensure customer satisfaction in every product. This is the link we establish between every user and our quality-assured company departments.","og_url":"https:\/\/temel.es\/servicio-posventa\/","og_site_name":"TEMEL S.A. Sistemas de Anestesia y Respiradores M\u00e9dicos","article_modified_time":"2023-08-03T10:50:05+00:00","twitter_card":"summary_large_image","twitter_misc":{"Est. reading time":"1 minute"},"schema":{"@context":"https:\/\/schema.org","@graph":[{"@type":"WebPage","@id":"https:\/\/temel.es\/servicio-posventa\/","url":"https:\/\/temel.es\/servicio-posventa\/","name":"After sales service - TEMEL S.A. Sistemas de Anestesia y Respiradores M\u00e9dicos","isPartOf":{"@id":"https:\/\/temel.es\/#website"},"datePublished":"2023-07-31T10:31:21+00:00","dateModified":"2023-08-03T10:50:05+00:00","breadcrumb":{"@id":"https:\/\/temel.es\/servicio-posventa\/#breadcrumb"},"inLanguage":"en-US","potentialAction":[{"@type":"ReadAction","target":["https:\/\/temel.es\/servicio-posventa\/"]}]},{"@type":"BreadcrumbList","@id":"https:\/\/temel.es\/servicio-posventa\/#breadcrumb","itemListElement":[{"@type":"ListItem","position":1,"name":"Home","item":"https:\/\/temel.es\/en\/"},{"@type":"ListItem","position":2,"name":"After sales service"}]},{"@type":"WebSite","@id":"https:\/\/temel.es\/#website","url":"https:\/\/temel.es\/","name":"TEMEL S.A. Sistemas de Anestesia y Respiradores M\u00e9dicos","description":"TEMEL, S.A.  investigaci\u00f3n, desarrollo y fabricaci\u00f3n de sistemas de anestesia y respiradores m\u00e9dicos.","potentialAction":[{"@type":"SearchAction","target":{"@type":"EntryPoint","urlTemplate":"https:\/\/temel.es\/?s={search_term_string}"},"query-input":{"@type":"PropertyValueSpecification","valueRequired":true,"valueName":"search_term_string"}}],"inLanguage":"en-US"}]}},"_links":{"self":[{"href":"https:\/\/temel.es\/en\/wp-json\/wp\/v2\/pages\/1113","targetHints":{"allow":["GET"]}}],"collection":[{"href":"https:\/\/temel.es\/en\/wp-json\/wp\/v2\/pages"}],"about":[{"href":"https:\/\/temel.es\/en\/wp-json\/wp\/v2\/types\/page"}],"author":[{"embeddable":true,"href":"https:\/\/temel.es\/en\/wp-json\/wp\/v2\/users\/1"}],"replies":[{"embeddable":true,"href":"https:\/\/temel.es\/en\/wp-json\/wp\/v2\/comments?post=1113"}],"version-history":[{"count":4,"href":"https:\/\/temel.es\/en\/wp-json\/wp\/v2\/pages\/1113\/revisions"}],"predecessor-version":[{"id":1143,"href":"https:\/\/temel.es\/en\/wp-json\/wp\/v2\/pages\/1113\/revisions\/1143"}],"wp:attachment":[{"href":"https:\/\/temel.es\/en\/wp-json\/wp\/v2\/media?parent=1113"}],"curies":[{"name":"wp","href":"https:\/\/api.w.org\/{rel}","templated":true}]}}