{"id":1103,"date":"2023-06-28T09:26:05","date_gmt":"2023-06-28T09:26:05","guid":{"rendered":"https:\/\/web.temel.es\/inicio\/"},"modified":"2025-03-07T08:59:38","modified_gmt":"2025-03-07T08:59:38","slug":"inicio","status":"publish","type":"page","link":"https:\/\/temel.es\/en\/","title":{"rendered":"Home"},"content":{"rendered":"\t\t<div data-elementor-type=\"wp-page\" data-elementor-id=\"1103\" class=\"elementor elementor-1103 elementor-2\" data-elementor-post-type=\"page\">\n\t\t\t\t\t\t<section class=\"elementor-section elementor-top-section elementor-element elementor-element-a81ed07 elementor-section-full_width elementor-section-height-default elementor-section-height-default\" data-id=\"a81ed07\" data-element_type=\"section\" data-settings=\"{&quot;jet_parallax_layout_list&quot;:[]}\">\n\t\t\t\t\t\t<div class=\"elementor-container elementor-column-gap-no\">\n\t\t\t\t\t<div class=\"elementor-column elementor-col-100 elementor-top-column elementor-element elementor-element-c1ff32c\" data-id=\"c1ff32c\" data-element_type=\"column\" data-settings=\"{&quot;background_background&quot;:&quot;classic&quot;}\">\n\t\t\t<div class=\"elementor-widget-wrap elementor-element-populated\">\n\t\t\t\t\t<div class=\"elementor-background-overlay\"><\/div>\n\t\t\t\t\t\t<div class=\"elementor-element elementor-element-bd79ecc elementor--h-position-left elementor--v-position-middle elementor-arrows-position-inside elementor-pagination-position-inside elementor-widget elementor-widget-slides\" data-id=\"bd79ecc\" data-element_type=\"widget\" data-settings=\"{&quot;navigation&quot;:&quot;both&quot;,&quot;autoplay&quot;:&quot;yes&quot;,&quot;pause_on_hover&quot;:&quot;yes&quot;,&quot;pause_on_interaction&quot;:&quot;yes&quot;,&quot;autoplay_speed&quot;:5000,&quot;infinite&quot;:&quot;yes&quot;,&quot;transition&quot;:&quot;slide&quot;,&quot;transition_speed&quot;:500}\" data-widget_type=\"slides.default\">\n\t\t\t\t<div class=\"elementor-widget-container\">\n\t\t\t\t\t\t\t\t\t<div class=\"elementor-swiper\">\n\t\t\t\t\t<div class=\"elementor-slides-wrapper elementor-main-swiper swiper\" role=\"region\" aria-roledescription=\"carousel\" aria-label=\"Diapositivas\" dir=\"ltr\" data-animation=\"fadeInUp\">\n\t\t\t\t<div class=\"swiper-wrapper elementor-slides\">\n\t\t\t\t\t\t\t\t\t\t<div class=\"elementor-repeater-item-359dc82 swiper-slide\" role=\"group\" aria-roledescription=\"slide\"><div class=\"swiper-slide-bg elementor-ken-burns elementor-ken-burns--in\" role=\"img\" aria-label=\"slider01\"><\/div><div class=\"swiper-slide-inner\" ><div class=\"swiper-slide-contents\"><div class=\"elementor-slide-heading\">IN-HOUSE RESEARCH AND TECHNOLOGY APPLIED TO<\/div><div class=\"elementor-slide-description\">MEDICAL ANAESTHETIC SYSTEMS AND LUNG VENTILATORS<\/div><a href=\"\/en\/productos\/\" class=\"elementor-button elementor-slide-button elementor-size-sm\">+ INFORMATION<\/a><\/div><\/div><\/div><div class=\"elementor-repeater-item-420b3be swiper-slide\" role=\"group\" aria-roledescription=\"slide\"><div class=\"swiper-slide-bg elementor-ken-burns elementor-ken-burns--in\" role=\"img\" aria-label=\"slider02\"><\/div><div class=\"swiper-slide-inner\" ><div class=\"swiper-slide-contents\"><div class=\"elementor-slide-heading\">IN-HOUSE RESEARCH AND TECHNOLOGY APPLIED TO<\/div><div class=\"elementor-slide-description\">MEDICAL ANAESTHETIC SYSTEMS AND LUNG VENTILATORS<\/div><a href=\"\/en\/productos\/\" class=\"elementor-button elementor-slide-button elementor-size-sm\">+ INFORMATION<\/a><\/div><\/div><\/div>\t\t\t\t<\/div>\n\t\t\t\t\t\t\t\t\t\t\t\t\t\t\t<div class=\"elementor-swiper-button elementor-swiper-button-prev\" role=\"button\" tabindex=\"0\" aria-label=\"Previous slide\">\n\t\t\t\t\t\t\t<i aria-hidden=\"true\" class=\"eicon-chevron-left\"><\/i>\t\t\t\t\t\t<\/div>\n\t\t\t\t\t\t<div class=\"elementor-swiper-button elementor-swiper-button-next\" role=\"button\" tabindex=\"0\" aria-label=\"Next slide\">\n\t\t\t\t\t\t\t<i aria-hidden=\"true\" class=\"eicon-chevron-right\"><\/i>\t\t\t\t\t\t<\/div>\n\t\t\t\t\t\t\t\t\t\t\t\t\t\t\t\t<div class=\"swiper-pagination\"><\/div>\n\t\t\t\t\t\t\t\t\t\t\t\t<\/div>\n\t\t\t\t<\/div>\n\t\t\t\t\t\t\t\t<\/div>\n\t\t\t\t<\/div>\n\t\t\t\t\t<\/div>\n\t\t<\/div>\n\t\t\t\t\t<\/div>\n\t\t<\/section>\n\t\t\t\t<section class=\"elementor-section elementor-top-section elementor-element elementor-element-fe9bb07 elementor-section-boxed elementor-section-height-default elementor-section-height-default\" data-id=\"fe9bb07\" data-element_type=\"section\" data-settings=\"{&quot;jet_parallax_layout_list&quot;:[]}\">\n\t\t\t\t\t\t<div class=\"elementor-container elementor-column-gap-default\">\n\t\t\t\t\t<div class=\"elementor-column elementor-col-100 elementor-top-column elementor-element elementor-element-46153c4\" data-id=\"46153c4\" data-element_type=\"column\">\n\t\t\t<div class=\"elementor-widget-wrap elementor-element-populated\">\n\t\t\t\t\t\t<div class=\"elementor-element elementor-element-d8c184c elementor-widget elementor-widget-spacer\" data-id=\"d8c184c\" data-element_type=\"widget\" data-widget_type=\"spacer.default\">\n\t\t\t\t<div class=\"elementor-widget-container\">\n\t\t\t\t\t\t\t<div class=\"elementor-spacer\">\n\t\t\t<div class=\"elementor-spacer-inner\"><\/div>\n\t\t<\/div>\n\t\t\t\t\t\t<\/div>\n\t\t\t\t<\/div>\n\t\t\t\t<div class=\"elementor-element elementor-element-30d1355 elementor-widget elementor-widget-heading\" data-id=\"30d1355\" data-element_type=\"widget\" data-widget_type=\"heading.default\">\n\t\t\t\t<div class=\"elementor-widget-container\">\n\t\t\t\t\t<h2 class=\"elementor-heading-title elementor-size-default\">WITH <b>TEMEL<\/b> THE NUMBERS DO NOT FAIL<\/h2>\t\t\t\t<\/div>\n\t\t\t\t<\/div>\n\t\t\t\t<div class=\"elementor-element elementor-element-7e75d32 elementor-widget-divider--view-line elementor-widget elementor-widget-divider\" data-id=\"7e75d32\" data-element_type=\"widget\" data-widget_type=\"divider.default\">\n\t\t\t\t<div class=\"elementor-widget-container\">\n\t\t\t\t\t\t\t<div class=\"elementor-divider\">\n\t\t\t<span class=\"elementor-divider-separator\">\n\t\t\t\t\t\t<\/span>\n\t\t<\/div>\n\t\t\t\t\t\t<\/div>\n\t\t\t\t<\/div>\n\t\t\t\t<div class=\"elementor-element elementor-element-5a29602 elementor-widget elementor-widget-spacer\" data-id=\"5a29602\" data-element_type=\"widget\" data-widget_type=\"spacer.default\">\n\t\t\t\t<div class=\"elementor-widget-container\">\n\t\t\t\t\t\t\t<div class=\"elementor-spacer\">\n\t\t\t<div class=\"elementor-spacer-inner\"><\/div>\n\t\t<\/div>\n\t\t\t\t\t\t<\/div>\n\t\t\t\t<\/div>\n\t\t\t\t\t<\/div>\n\t\t<\/div>\n\t\t\t\t\t<\/div>\n\t\t<\/section>\n\t\t\t\t<section class=\"elementor-section elementor-top-section elementor-element elementor-element-a169afa elementor-section-boxed elementor-section-height-default elementor-section-height-default\" data-id=\"a169afa\" data-element_type=\"section\" data-settings=\"{&quot;jet_parallax_layout_list&quot;:[]}\">\n\t\t\t\t\t\t<div class=\"elementor-container elementor-column-gap-wide\">\n\t\t\t\t\t<div class=\"elementor-column elementor-col-50 elementor-top-column elementor-element elementor-element-e4f4b2b\" data-id=\"e4f4b2b\" data-element_type=\"column\">\n\t\t\t<div class=\"elementor-widget-wrap elementor-element-populated\">\n\t\t\t\t\t\t<div class=\"elementor-element elementor-element-9a0359b elementor-view-default elementor-widget elementor-widget-icon\" data-id=\"9a0359b\" data-element_type=\"widget\" data-widget_type=\"icon.default\">\n\t\t\t\t<div class=\"elementor-widget-container\">\n\t\t\t\t\t\t\t<div class=\"elementor-icon-wrapper\">\n\t\t\t<div class=\"elementor-icon\">\n\t\t\t<i aria-hidden=\"true\" class=\"lni lni-microscope\"><\/i>\t\t\t<\/div>\n\t\t<\/div>\n\t\t\t\t\t\t<\/div>\n\t\t\t\t<\/div>\n\t\t\t\t<div class=\"elementor-element elementor-element-05bc16f elementor-widget elementor-widget-counter\" data-id=\"05bc16f\" data-element_type=\"widget\" data-widget_type=\"counter.default\">\n\t\t\t\t<div class=\"elementor-widget-container\">\n\t\t\t\t\t\t\t<div class=\"elementor-counter\">\n\t\t\t<div class=\"elementor-counter-title\">Years of experience<\/div>\t\t\t<div class=\"elementor-counter-number-wrapper\">\n\t\t\t\t<span class=\"elementor-counter-number-prefix\">+<\/span>\n\t\t\t\t<span class=\"elementor-counter-number\" data-duration=\"2000\" data-to-value=\"50\" data-from-value=\"0\" data-delimiter=\",\">0<\/span>\n\t\t\t\t<span class=\"elementor-counter-number-suffix\"><\/span>\n\t\t\t<\/div>\n\t\t<\/div>\n\t\t\t\t\t\t<\/div>\n\t\t\t\t<\/div>\n\t\t\t\t<div class=\"elementor-element elementor-element-2f1b036 elementor-widget elementor-widget-text-editor\" data-id=\"2f1b036\" data-element_type=\"widget\" data-widget_type=\"text-editor.default\">\n\t\t\t\t<div class=\"elementor-widget-container\">\n\t\t\t\t\t\t\t\t\t<p><span class=\"HwtZe\" lang=\"en\"><span class=\"jCAhz ChMk0b\"><span class=\"ryNqvb\">Since its creation in 1975, TEMEL&#8217;s activity has been entirely dedicated to the research and development of Anesthesia Systems and Medical Ventilators.<\/span><\/span><\/span><\/p>\t\t\t\t\t\t\t\t<\/div>\n\t\t\t\t<\/div>\n\t\t\t\t<div class=\"elementor-element elementor-element-23a6d21 elementor-widget elementor-widget-spacer\" data-id=\"23a6d21\" data-element_type=\"widget\" data-widget_type=\"spacer.default\">\n\t\t\t\t<div class=\"elementor-widget-container\">\n\t\t\t\t\t\t\t<div class=\"elementor-spacer\">\n\t\t\t<div class=\"elementor-spacer-inner\"><\/div>\n\t\t<\/div>\n\t\t\t\t\t\t<\/div>\n\t\t\t\t<\/div>\n\t\t\t\t\t<\/div>\n\t\t<\/div>\n\t\t\t\t<div class=\"elementor-column elementor-col-50 elementor-top-column elementor-element elementor-element-83c2d51\" data-id=\"83c2d51\" data-element_type=\"column\">\n\t\t\t<div class=\"elementor-widget-wrap elementor-element-populated\">\n\t\t\t\t\t\t<div class=\"elementor-element elementor-element-c95d1ad elementor-view-default elementor-widget elementor-widget-icon\" data-id=\"c95d1ad\" data-element_type=\"widget\" data-widget_type=\"icon.default\">\n\t\t\t\t<div class=\"elementor-widget-container\">\n\t\t\t\t\t\t\t<div class=\"elementor-icon-wrapper\">\n\t\t\t<div class=\"elementor-icon\">\n\t\t\t<i aria-hidden=\"true\" class=\" icon_star_alt\"><\/i>\t\t\t<\/div>\n\t\t<\/div>\n\t\t\t\t\t\t<\/div>\n\t\t\t\t<\/div>\n\t\t\t\t<div class=\"elementor-element elementor-element-610e6a5 elementor-widget elementor-widget-counter\" data-id=\"610e6a5\" data-element_type=\"widget\" data-widget_type=\"counter.default\">\n\t\t\t\t<div class=\"elementor-widget-container\">\n\t\t\t\t\t\t\t<div class=\"elementor-counter\">\n\t\t\t<div class=\"elementor-counter-title\">MILLIONS OF INTERVENTIONS <\/div>\t\t\t<div class=\"elementor-counter-number-wrapper\">\n\t\t\t\t<span class=\"elementor-counter-number-prefix\">+<\/span>\n\t\t\t\t<span class=\"elementor-counter-number\" data-duration=\"2000\" data-to-value=\"20\" data-from-value=\"0\" data-delimiter=\",\">0<\/span>\n\t\t\t\t<span class=\"elementor-counter-number-suffix\"><\/span>\n\t\t\t<\/div>\n\t\t<\/div>\n\t\t\t\t\t\t<\/div>\n\t\t\t\t<\/div>\n\t\t\t\t<div class=\"elementor-element elementor-element-524689f elementor-widget elementor-widget-text-editor\" data-id=\"524689f\" data-element_type=\"widget\" data-widget_type=\"text-editor.default\">\n\t\t\t\t<div class=\"elementor-widget-container\">\n\t\t\t\t\t\t\t\t\t<p><span class=\"HwtZe\" lang=\"en\"><span class=\"jCAhz ChMk0b\"><span class=\"ryNqvb\">More than 20 million surgeries performed with our equipment (estimate calculated by taking the average surgery time as 2.5 hours).<\/span><\/span><\/span><\/p>\t\t\t\t\t\t\t\t<\/div>\n\t\t\t\t<\/div>\n\t\t\t\t<div class=\"elementor-element elementor-element-0a35427 elementor-widget elementor-widget-spacer\" data-id=\"0a35427\" data-element_type=\"widget\" data-widget_type=\"spacer.default\">\n\t\t\t\t<div class=\"elementor-widget-container\">\n\t\t\t\t\t\t\t<div class=\"elementor-spacer\">\n\t\t\t<div class=\"elementor-spacer-inner\"><\/div>\n\t\t<\/div>\n\t\t\t\t\t\t<\/div>\n\t\t\t\t<\/div>\n\t\t\t\t\t<\/div>\n\t\t<\/div>\n\t\t\t\t\t<\/div>\n\t\t<\/section>\n\t\t\t\t<\/div>\n\t\t","protected":false},"excerpt":{"rendered":"<p>IN-HOUSE RESEARCH AND TECHNOLOGY APPLIED TOMEDICAL ANAESTHETIC SYSTEMS AND LUNG VENTILATORS+ INFORMATIONIN-HOUSE RESEARCH AND TECHNOLOGY APPLIED TOMEDICAL ANAESTHETIC SYSTEMS AND LUNG VENTILATORS+ INFORMATION WITH TEMEL THE NUMBERS DO NOT FAIL Years of experience + 0 Since its creation in 1975, TEMEL&#8217;s activity has been entirely dedicated to the research and development of Anesthesia Systems and [&hellip;]<\/p>\n","protected":false},"author":1,"featured_media":0,"parent":0,"menu_order":0,"comment_status":"closed","ping_status":"closed","template":"elementor_header_footer","meta":{"_monsterinsights_skip_tracking":false,"_monsterinsights_sitenote_active":false,"_monsterinsights_sitenote_note":"","_monsterinsights_sitenote_category":0,"footnotes":""},"class_list":["post-1103","page","type-page","status-publish","hentry"],"yoast_head":"<!-- This site is optimized with the Yoast SEO plugin v26.8 - https:\/\/yoast.com\/product\/yoast-seo-wordpress\/ -->\n<title>Home - TEMEL S.A. Sistemas de Anestesia y Respiradores M\u00e9dicos<\/title>\n<meta name=\"robots\" content=\"index, follow, max-snippet:-1, max-image-preview:large, max-video-preview:-1\" \/>\n<link rel=\"canonical\" href=\"https:\/\/temel.es\/en\/\" \/>\n<meta property=\"og:locale\" content=\"en_US\" \/>\n<meta property=\"og:type\" content=\"article\" \/>\n<meta property=\"og:title\" content=\"Home - TEMEL S.A. Sistemas de Anestesia y Respiradores M\u00e9dicos\" \/>\n<meta property=\"og:description\" content=\"IN-HOUSE RESEARCH AND TECHNOLOGY APPLIED TOMEDICAL ANAESTHETIC SYSTEMS AND LUNG VENTILATORS+ INFORMATIONIN-HOUSE RESEARCH AND TECHNOLOGY APPLIED TOMEDICAL ANAESTHETIC SYSTEMS AND LUNG VENTILATORS+ INFORMATION WITH TEMEL THE NUMBERS DO NOT FAIL Years of experience + 0 Since its creation in 1975, TEMEL&#8217;s activity has been entirely dedicated to the research and development of Anesthesia Systems and [&hellip;]\" \/>\n<meta property=\"og:url\" content=\"https:\/\/temel.es\/en\/\" \/>\n<meta property=\"og:site_name\" content=\"TEMEL S.A. Sistemas de Anestesia y Respiradores M\u00e9dicos\" \/>\n<meta property=\"article:modified_time\" content=\"2025-03-07T08:59:38+00:00\" \/>\n<meta name=\"twitter:card\" content=\"summary_large_image\" \/>\n<meta name=\"twitter:label1\" content=\"Est. reading time\" \/>\n\t<meta name=\"twitter:data1\" content=\"1 minute\" \/>\n<script type=\"application\/ld+json\" class=\"yoast-schema-graph\">{\"@context\":\"https:\/\/schema.org\",\"@graph\":[{\"@type\":\"WebPage\",\"@id\":\"https:\/\/temel.es\/en\/\",\"url\":\"https:\/\/temel.es\/en\/\",\"name\":\"Home - TEMEL S.A. Sistemas de Anestesia y Respiradores M\u00e9dicos\",\"isPartOf\":{\"@id\":\"https:\/\/temel.es\/#website\"},\"datePublished\":\"2023-06-28T09:26:05+00:00\",\"dateModified\":\"2025-03-07T08:59:38+00:00\",\"breadcrumb\":{\"@id\":\"https:\/\/temel.es\/en\/#breadcrumb\"},\"inLanguage\":\"en-US\",\"potentialAction\":[{\"@type\":\"ReadAction\",\"target\":[\"https:\/\/temel.es\/en\/\"]}]},{\"@type\":\"BreadcrumbList\",\"@id\":\"https:\/\/temel.es\/en\/#breadcrumb\",\"itemListElement\":[{\"@type\":\"ListItem\",\"position\":1,\"name\":\"Home\",\"item\":\"https:\/\/temel.es\/en\/\"},{\"@type\":\"ListItem\",\"position\":2,\"name\":\"Home\"}]},{\"@type\":\"WebSite\",\"@id\":\"https:\/\/temel.es\/#website\",\"url\":\"https:\/\/temel.es\/\",\"name\":\"TEMEL S.A. Sistemas de Anestesia y Respiradores M\u00e9dicos\",\"description\":\"TEMEL, S.A.  investigaci\u00f3n, desarrollo y fabricaci\u00f3n de sistemas de anestesia y respiradores m\u00e9dicos.\",\"potentialAction\":[{\"@type\":\"SearchAction\",\"target\":{\"@type\":\"EntryPoint\",\"urlTemplate\":\"https:\/\/temel.es\/?s={search_term_string}\"},\"query-input\":{\"@type\":\"PropertyValueSpecification\",\"valueRequired\":true,\"valueName\":\"search_term_string\"}}],\"inLanguage\":\"en-US\"}]}<\/script>\n<!-- \/ Yoast SEO plugin. -->","yoast_head_json":{"title":"Home - TEMEL S.A. Sistemas de Anestesia y Respiradores M\u00e9dicos","robots":{"index":"index","follow":"follow","max-snippet":"max-snippet:-1","max-image-preview":"max-image-preview:large","max-video-preview":"max-video-preview:-1"},"canonical":"https:\/\/temel.es\/en\/","og_locale":"en_US","og_type":"article","og_title":"Home - TEMEL S.A. Sistemas de Anestesia y Respiradores M\u00e9dicos","og_description":"IN-HOUSE RESEARCH AND TECHNOLOGY APPLIED TOMEDICAL ANAESTHETIC SYSTEMS AND LUNG VENTILATORS+ INFORMATIONIN-HOUSE RESEARCH AND TECHNOLOGY APPLIED TOMEDICAL ANAESTHETIC SYSTEMS AND LUNG VENTILATORS+ INFORMATION WITH TEMEL THE NUMBERS DO NOT FAIL Years of experience + 0 Since its creation in 1975, TEMEL&#8217;s activity has been entirely dedicated to the research and development of Anesthesia Systems and [&hellip;]","og_url":"https:\/\/temel.es\/en\/","og_site_name":"TEMEL S.A. Sistemas de Anestesia y Respiradores M\u00e9dicos","article_modified_time":"2025-03-07T08:59:38+00:00","twitter_card":"summary_large_image","twitter_misc":{"Est. reading time":"1 minute"},"schema":{"@context":"https:\/\/schema.org","@graph":[{"@type":"WebPage","@id":"https:\/\/temel.es\/en\/","url":"https:\/\/temel.es\/en\/","name":"Home - TEMEL S.A. Sistemas de Anestesia y Respiradores M\u00e9dicos","isPartOf":{"@id":"https:\/\/temel.es\/#website"},"datePublished":"2023-06-28T09:26:05+00:00","dateModified":"2025-03-07T08:59:38+00:00","breadcrumb":{"@id":"https:\/\/temel.es\/en\/#breadcrumb"},"inLanguage":"en-US","potentialAction":[{"@type":"ReadAction","target":["https:\/\/temel.es\/en\/"]}]},{"@type":"BreadcrumbList","@id":"https:\/\/temel.es\/en\/#breadcrumb","itemListElement":[{"@type":"ListItem","position":1,"name":"Home","item":"https:\/\/temel.es\/en\/"},{"@type":"ListItem","position":2,"name":"Home"}]},{"@type":"WebSite","@id":"https:\/\/temel.es\/#website","url":"https:\/\/temel.es\/","name":"TEMEL S.A. Sistemas de Anestesia y Respiradores M\u00e9dicos","description":"TEMEL, S.A.  investigaci\u00f3n, desarrollo y fabricaci\u00f3n de sistemas de anestesia y respiradores m\u00e9dicos.","potentialAction":[{"@type":"SearchAction","target":{"@type":"EntryPoint","urlTemplate":"https:\/\/temel.es\/?s={search_term_string}"},"query-input":{"@type":"PropertyValueSpecification","valueRequired":true,"valueName":"search_term_string"}}],"inLanguage":"en-US"}]}},"_links":{"self":[{"href":"https:\/\/temel.es\/en\/wp-json\/wp\/v2\/pages\/1103","targetHints":{"allow":["GET"]}}],"collection":[{"href":"https:\/\/temel.es\/en\/wp-json\/wp\/v2\/pages"}],"about":[{"href":"https:\/\/temel.es\/en\/wp-json\/wp\/v2\/types\/page"}],"author":[{"embeddable":true,"href":"https:\/\/temel.es\/en\/wp-json\/wp\/v2\/users\/1"}],"replies":[{"embeddable":true,"href":"https:\/\/temel.es\/en\/wp-json\/wp\/v2\/comments?post=1103"}],"version-history":[{"count":29,"href":"https:\/\/temel.es\/en\/wp-json\/wp\/v2\/pages\/1103\/revisions"}],"predecessor-version":[{"id":1581,"href":"https:\/\/temel.es\/en\/wp-json\/wp\/v2\/pages\/1103\/revisions\/1581"}],"wp:attachment":[{"href":"https:\/\/temel.es\/en\/wp-json\/wp\/v2\/media?parent=1103"}],"curies":[{"name":"wp","href":"https:\/\/api.w.org\/{rel}","templated":true}]}}